{"id":143,"date":"2022-07-02T08:13:53","date_gmt":"2022-07-02T08:13:53","guid":{"rendered":"https:\/\/containerdienst-speyer.de\/?page_id=143"},"modified":"2022-07-04T19:22:10","modified_gmt":"2022-07-04T19:22:10","slug":"entsorgung","status":"publish","type":"page","link":"https:\/\/containerdienst-speyer.de\/?page_id=143","title":{"rendered":"Entsorgung"},"content":{"rendered":"<p><span style=\"font-size: x-large;\"><span style=\"font-family: Arial;\"><span style=\"color: #5261f0;\">Welche Abfallarten werden bei uns entsorgt?\u00a0 \u00a0 \u00a0 \u00a0 \u00a0 \u00a0 \u00a0 \u00a0 \u00a0 \u00a0<\/span><\/span><\/span><\/p>\n<p><span style=\"font-size: large;\"><span style=\"font-family: Arial;\">Die Firma Bachert Recycling behandelt und verwertet einige unterschiedliche Materialien die entweder in Containern entsorgt oder direkt in der Firma angeliefert werden k\u00f6nnen.<\/span><\/span><\/p>\n<p><span style=\"font-size: large;\"><span style=\"font-family: Arial;\">Hierzu z\u00e4hlen:<\/span><\/span><\/p>\n<ul>\n<li><span style=\"font-size: large;\"><span style=\"font-family: Arial;\">Bauschutt<\/span><\/span><\/li>\n<\/ul>\n<p><span style=\"font-size: large;\"><span style=\"font-family: Arial;\">Dieser wird in zwei Arten, n\u00e4mlich Bauschutt recyclingf\u00e4hig und Leichtbaustoffe, unterteilt. Zu ersterem z\u00e4hlen unter anderem Fliesen, Ziegel, <\/span><\/span><span style=\"font-size: large;\"><span style=\"font-family: Arial;\">Keramik, Beton oder auch Putz. Leichtbaustoffe beinhalten Materialien wie Gips, Porenbeton, Ytong oder Bims.<\/span><\/span><\/p>\n<p><img loading=\"lazy\" decoding=\"async\" class=\"alignnone wp-image-171\" style=\"width: 401px;\" src=\"https:\/\/containerdienst-speyer.de\/wp-content\/uploads\/2022\/07\/IMG-20220703-WA0095-1.jpg\" alt=\"\" width=\"401\" height=\"221\" srcset=\"https:\/\/containerdienst-speyer.de\/wp-content\/uploads\/2022\/07\/IMG-20220703-WA0095-1.jpg 768w, https:\/\/containerdienst-speyer.de\/wp-content\/uploads\/2022\/07\/IMG-20220703-WA0095-1-300x165.jpg 300w\" sizes=\"auto, (max-width: 401px) 100vw, 401px\" \/><\/p>\n<hr \/>\n<ul>\n<li><span style=\"font-size: large;\"><span style=\"font-family: Arial;\">Erdaushub und Lehmboden<\/span><\/span><\/li>\n<\/ul>\n<p><img loading=\"lazy\" decoding=\"async\" class=\"wp-image-188 alignnone\" src=\"https:\/\/containerdienst-speyer.de\/wp-content\/uploads\/2022\/07\/IMG-20220703-WA0144.jpg\" alt=\"\" width=\"401\" height=\"232\" srcset=\"https:\/\/containerdienst-speyer.de\/wp-content\/uploads\/2022\/07\/IMG-20220703-WA0144.jpg 1025w, https:\/\/containerdienst-speyer.de\/wp-content\/uploads\/2022\/07\/IMG-20220703-WA0144-300x174.jpg 300w, https:\/\/containerdienst-speyer.de\/wp-content\/uploads\/2022\/07\/IMG-20220703-WA0144-768x444.jpg 768w\" sizes=\"auto, (max-width: 401px) 100vw, 401px\" \/><\/p>\n<hr \/>\n<ul>\n<li><span style=\"font-size: large;\"><span style=\"font-family: Arial;\">Schrott<\/span><\/span><\/li>\n<\/ul>\n<p><img loading=\"lazy\" decoding=\"async\" class=\"wp-image-245 alignnone\" src=\"https:\/\/containerdienst-speyer.de\/wp-content\/uploads\/2022\/07\/IMG-20220704-WA0014-e1656962481765-1024x655.jpg\" alt=\"\" width=\"401\" height=\"256\" srcset=\"https:\/\/containerdienst-speyer.de\/wp-content\/uploads\/2022\/07\/IMG-20220704-WA0014-e1656962481765-1024x655.jpg 1024w, https:\/\/containerdienst-speyer.de\/wp-content\/uploads\/2022\/07\/IMG-20220704-WA0014-e1656962481765-300x192.jpg 300w, https:\/\/containerdienst-speyer.de\/wp-content\/uploads\/2022\/07\/IMG-20220704-WA0014-e1656962481765-768x492.jpg 768w, https:\/\/containerdienst-speyer.de\/wp-content\/uploads\/2022\/07\/IMG-20220704-WA0014-e1656962481765.jpg 1536w\" sizes=\"auto, (max-width: 401px) 100vw, 401px\" \/><\/p>\n<hr \/>\n<ul>\n<li><span style=\"font-size: large;\"><span style=\"font-family: Arial;\">Holzabf\u00e4lle<\/span><\/span><\/li>\n<\/ul>\n<p><span style=\"font-size: large;\"><span style=\"font-family: Arial;\">Holz wird bei uns in zwei unterschiedliche Arten Kategoriesiert. Einmal Altholz Sorte A1 bis A3. Hierunter fallen zum Beispiel Holzpaletten, <\/span><\/span><span style=\"font-size: large;\"><span style=\"font-family: Arial;\">T\u00fcren, Zargen oder Laminat. Die andere Sorte nennt sich Altholz A4 wozu unter anderem Fensterholz, J\u00e4gerz\u00e4une oder impr\u00e4gnierte H\u00f6lzer <\/span><\/span><span style=\"font-size: large;\"><span style=\"font-family: Arial;\">z\u00e4hlen.<\/span><\/span><\/p>\n<p><img loading=\"lazy\" decoding=\"async\" class=\" wp-image-172 alignnone\" src=\"https:\/\/containerdienst-speyer.de\/wp-content\/uploads\/2022\/07\/IMG-20220703-WA0031.jpg\" alt=\"\" width=\"402\" height=\"240\" srcset=\"https:\/\/containerdienst-speyer.de\/wp-content\/uploads\/2022\/07\/IMG-20220703-WA0031.jpg 1024w, https:\/\/containerdienst-speyer.de\/wp-content\/uploads\/2022\/07\/IMG-20220703-WA0031-300x180.jpg 300w, https:\/\/containerdienst-speyer.de\/wp-content\/uploads\/2022\/07\/IMG-20220703-WA0031-768x460.jpg 768w\" sizes=\"auto, (max-width: 402px) 100vw, 402px\" \/> <img loading=\"lazy\" decoding=\"async\" class=\"wp-image-244 alignnone\" src=\"https:\/\/containerdienst-speyer.de\/wp-content\/uploads\/2022\/07\/IMG-20220704-WA0018-e1656962382672-1024x624.jpg\" alt=\"\" width=\"395\" height=\"241\" srcset=\"https:\/\/containerdienst-speyer.de\/wp-content\/uploads\/2022\/07\/IMG-20220704-WA0018-e1656962382672-1024x624.jpg 1024w, https:\/\/containerdienst-speyer.de\/wp-content\/uploads\/2022\/07\/IMG-20220704-WA0018-e1656962382672-300x183.jpg 300w, https:\/\/containerdienst-speyer.de\/wp-content\/uploads\/2022\/07\/IMG-20220704-WA0018-e1656962382672-768x468.jpg 768w, https:\/\/containerdienst-speyer.de\/wp-content\/uploads\/2022\/07\/IMG-20220704-WA0018-e1656962382672.jpg 1536w\" sizes=\"auto, (max-width: 395px) 100vw, 395px\" \/><\/p>\n<hr \/>\n<ul>\n<li><span style=\"font-size: large;\"><span style=\"font-family: Arial;\">Papier und Kartonage<\/span><\/span><\/li>\n<\/ul>\n<p><img loading=\"lazy\" decoding=\"async\" class=\" wp-image-173 alignnone\" src=\"https:\/\/containerdienst-speyer.de\/wp-content\/uploads\/2022\/07\/IMG-20220703-WA0030.jpg\" alt=\"\" width=\"401\" height=\"210\" srcset=\"https:\/\/containerdienst-speyer.de\/wp-content\/uploads\/2022\/07\/IMG-20220703-WA0030.jpg 768w, https:\/\/containerdienst-speyer.de\/wp-content\/uploads\/2022\/07\/IMG-20220703-WA0030-300x157.jpg 300w\" sizes=\"auto, (max-width: 401px) 100vw, 401px\" \/> <img loading=\"lazy\" decoding=\"async\" class=\"wp-image-224 alignnone\" src=\"https:\/\/containerdienst-speyer.de\/wp-content\/uploads\/2022\/07\/IMG-20220703-WA0058-e1656953168584.jpg\" alt=\"\" width=\"360\" height=\"210\" srcset=\"https:\/\/containerdienst-speyer.de\/wp-content\/uploads\/2022\/07\/IMG-20220703-WA0058-e1656953168584.jpg 768w, https:\/\/containerdienst-speyer.de\/wp-content\/uploads\/2022\/07\/IMG-20220703-WA0058-e1656953168584-300x175.jpg 300w\" sizes=\"auto, (max-width: 360px) 100vw, 360px\" \/><\/p>\n<hr \/>\n<ul>\n<li><span style=\"font-size: large;\"><span style=\"font-family: Arial;\">Flaschenglas und Flachglas<\/span><\/span><\/li>\n<\/ul>\n<p><img loading=\"lazy\" decoding=\"async\" class=\" wp-image-174 alignnone\" src=\"https:\/\/containerdienst-speyer.de\/wp-content\/uploads\/2022\/07\/IMG-20220703-WA0096.jpg\" alt=\"\" width=\"400\" height=\"238\" srcset=\"https:\/\/containerdienst-speyer.de\/wp-content\/uploads\/2022\/07\/IMG-20220703-WA0096.jpg 768w, https:\/\/containerdienst-speyer.de\/wp-content\/uploads\/2022\/07\/IMG-20220703-WA0096-300x179.jpg 300w\" sizes=\"auto, (max-width: 400px) 100vw, 400px\" \/><\/p>\n<hr \/>\n<ul>\n<li><span style=\"font-size: large;\"><span style=\"font-family: Arial;\">Gr\u00fcnschnitt<\/span><\/span><\/li>\n<\/ul>\n<p><img loading=\"lazy\" decoding=\"async\" class=\"alignnone wp-image-175\" src=\"https:\/\/containerdienst-speyer.de\/wp-content\/uploads\/2022\/07\/IMG-20220703-WA0081-1.jpg\" alt=\"\" width=\"405\" height=\"288\" \/><\/p>\n<hr \/>\n<ul>\n<li><span style=\"font-size: large;\"><span style=\"font-family: Arial;\">Sperrm\u00fcll<\/span><\/span><\/li>\n<\/ul>\n<p><img loading=\"lazy\" decoding=\"async\" class=\" wp-image-191 alignnone\" src=\"https:\/\/containerdienst-speyer.de\/wp-content\/uploads\/2022\/07\/IMG-20220703-WA0138-1024x576.jpg\" alt=\"\" width=\"402\" height=\"226\" srcset=\"https:\/\/containerdienst-speyer.de\/wp-content\/uploads\/2022\/07\/IMG-20220703-WA0138-1024x576.jpg 1024w, https:\/\/containerdienst-speyer.de\/wp-content\/uploads\/2022\/07\/IMG-20220703-WA0138-300x169.jpg 300w, https:\/\/containerdienst-speyer.de\/wp-content\/uploads\/2022\/07\/IMG-20220703-WA0138-768x432.jpg 768w, https:\/\/containerdienst-speyer.de\/wp-content\/uploads\/2022\/07\/IMG-20220703-WA0138.jpg 1136w\" sizes=\"auto, (max-width: 402px) 100vw, 402px\" \/><\/p>\n<hr \/>\n<ul>\n<li><span style=\"font-size: large;\"><span style=\"font-family: Arial;\">Baustellenmischabf\u00e4lle<\/span><\/span><\/li>\n<\/ul>\n<p><img loading=\"lazy\" decoding=\"async\" class=\" wp-image-176 alignnone\" src=\"https:\/\/containerdienst-speyer.de\/wp-content\/uploads\/2022\/07\/IMG-20220703-WA0059.jpg\" alt=\"\" width=\"400\" height=\"237\" srcset=\"https:\/\/containerdienst-speyer.de\/wp-content\/uploads\/2022\/07\/IMG-20220703-WA0059.jpg 1024w, https:\/\/containerdienst-speyer.de\/wp-content\/uploads\/2022\/07\/IMG-20220703-WA0059-300x178.jpg 300w, https:\/\/containerdienst-speyer.de\/wp-content\/uploads\/2022\/07\/IMG-20220703-WA0059-768x455.jpg 768w\" sizes=\"auto, (max-width: 400px) 100vw, 400px\" \/><\/p>\n<hr \/>\n<ul>\n<li><span style=\"font-size: large;\"><span style=\"font-family: Arial;\">Akten zur Vernichtung<\/span><\/span><\/li>\n<\/ul>\n<p><img loading=\"lazy\" decoding=\"async\" class=\"alignnone wp-image-189 \" src=\"https:\/\/containerdienst-speyer.de\/wp-content\/uploads\/2022\/07\/IMG-20220703-WA0134-e1656917150255-1024x754.jpg\" alt=\"\" width=\"401\" height=\"295\" srcset=\"https:\/\/containerdienst-speyer.de\/wp-content\/uploads\/2022\/07\/IMG-20220703-WA0134-e1656917150255-1024x754.jpg 1024w, https:\/\/containerdienst-speyer.de\/wp-content\/uploads\/2022\/07\/IMG-20220703-WA0134-e1656917150255-300x221.jpg 300w, https:\/\/containerdienst-speyer.de\/wp-content\/uploads\/2022\/07\/IMG-20220703-WA0134-e1656917150255-768x566.jpg 768w, https:\/\/containerdienst-speyer.de\/wp-content\/uploads\/2022\/07\/IMG-20220703-WA0134-e1656917150255.jpg 1536w\" sizes=\"auto, (max-width: 401px) 100vw, 401px\" \/> <img loading=\"lazy\" decoding=\"async\" class=\"alignnone wp-image-190 \" src=\"https:\/\/containerdienst-speyer.de\/wp-content\/uploads\/2022\/07\/IMG-20220703-WA0135-e1656917178778-1024x744.jpg\" alt=\"\" width=\"405\" height=\"294\" srcset=\"https:\/\/containerdienst-speyer.de\/wp-content\/uploads\/2022\/07\/IMG-20220703-WA0135-e1656917178778-1024x744.jpg 1024w, https:\/\/containerdienst-speyer.de\/wp-content\/uploads\/2022\/07\/IMG-20220703-WA0135-e1656917178778-300x218.jpg 300w, https:\/\/containerdienst-speyer.de\/wp-content\/uploads\/2022\/07\/IMG-20220703-WA0135-e1656917178778-768x558.jpg 768w, https:\/\/containerdienst-speyer.de\/wp-content\/uploads\/2022\/07\/IMG-20220703-WA0135-e1656917178778.jpg 1536w\" sizes=\"auto, (max-width: 405px) 100vw, 405px\" \/><\/p>\n<hr \/>\n<p>&nbsp;<\/p>\n","protected":false},"excerpt":{"rendered":"<p>Welche Abfallarten werden bei uns entsorgt?\u00a0 \u00a0 \u00a0 \u00a0 \u00a0 \u00a0 \u00a0 \u00a0 \u00a0 \u00a0 Die Firma Bachert Recycling behandelt und verwertet einige unterschiedliche Materialien die entweder in Containern entsorgt oder direkt in der Firma angeliefert werden k\u00f6nnen. Hierzu z\u00e4hlen: Bauschutt Dieser wird in zwei Arten, n\u00e4mlich Bauschutt recyclingf\u00e4hig und Leichtbaustoffe, unterteilt. Zu ersterem z\u00e4hlen [&hellip;]<\/p>\n","protected":false},"author":2,"featured_media":0,"parent":17,"menu_order":1,"comment_status":"closed","ping_status":"closed","template":"templates\/fullwidth.php","meta":{"footnotes":""},"class_list":["post-143","page","type-page","status-publish","hentry"],"yoast_head":"<!-- This site is optimized with the Yoast SEO plugin v20.4 - https:\/\/yoast.com\/wordpress\/plugins\/seo\/ -->\n<title>Entsorgung - Bachert Recycling<\/title>\n<meta name=\"robots\" content=\"index, follow, max-snippet:-1, max-image-preview:large, max-video-preview:-1\" \/>\n<link rel=\"canonical\" href=\"https:\/\/containerdienst-speyer.de\/?page_id=143\" \/>\n<meta property=\"og:locale\" content=\"de_DE\" \/>\n<meta property=\"og:type\" content=\"article\" \/>\n<meta property=\"og:title\" content=\"Entsorgung - Bachert Recycling\" \/>\n<meta property=\"og:description\" content=\"Welche Abfallarten werden bei uns entsorgt?\u00a0 \u00a0 \u00a0 \u00a0 \u00a0 \u00a0 \u00a0 \u00a0 \u00a0 \u00a0 Die Firma Bachert Recycling behandelt und verwertet einige unterschiedliche Materialien die entweder in Containern entsorgt oder direkt in der Firma angeliefert werden k\u00f6nnen. Hierzu z\u00e4hlen: Bauschutt Dieser wird in zwei Arten, n\u00e4mlich Bauschutt recyclingf\u00e4hig und Leichtbaustoffe, unterteilt. Zu ersterem z\u00e4hlen [&hellip;]\" \/>\n<meta property=\"og:url\" content=\"https:\/\/containerdienst-speyer.de\/?page_id=143\" \/>\n<meta property=\"og:site_name\" content=\"Bachert Recycling\" \/>\n<meta property=\"article:modified_time\" content=\"2022-07-04T19:22:10+00:00\" \/>\n<meta property=\"og:image\" content=\"https:\/\/containerdienst-speyer.de\/wp-content\/uploads\/2022\/07\/IMG-20220703-WA0095-1.jpg\" \/>\n<meta name=\"twitter:card\" content=\"summary_large_image\" \/>\n<meta name=\"twitter:label1\" content=\"Gesch\u00e4tzte Lesezeit\" \/>\n\t<meta name=\"twitter:data1\" content=\"4\u00a0Minuten\" \/>\n<script type=\"application\/ld+json\" class=\"yoast-schema-graph\">{\"@context\":\"https:\/\/schema.org\",\"@graph\":[{\"@type\":\"WebPage\",\"@id\":\"https:\/\/containerdienst-speyer.de\/?page_id=143\",\"url\":\"https:\/\/containerdienst-speyer.de\/?page_id=143\",\"name\":\"Entsorgung - Bachert Recycling\",\"isPartOf\":{\"@id\":\"https:\/\/containerdienst-speyer.de\/#website\"},\"datePublished\":\"2022-07-02T08:13:53+00:00\",\"dateModified\":\"2022-07-04T19:22:10+00:00\",\"breadcrumb\":{\"@id\":\"https:\/\/containerdienst-speyer.de\/?page_id=143#breadcrumb\"},\"inLanguage\":\"de\",\"potentialAction\":[{\"@type\":\"ReadAction\",\"target\":[\"https:\/\/containerdienst-speyer.de\/?page_id=143\"]}]},{\"@type\":\"BreadcrumbList\",\"@id\":\"https:\/\/containerdienst-speyer.de\/?page_id=143#breadcrumb\",\"itemListElement\":[{\"@type\":\"ListItem\",\"position\":1,\"name\":\"Home\",\"item\":\"https:\/\/containerdienst-speyer.de\/\"},{\"@type\":\"ListItem\",\"position\":2,\"name\":\"Leistungen\",\"item\":\"https:\/\/containerdienst-speyer.de\/?page_id=17\"},{\"@type\":\"ListItem\",\"position\":3,\"name\":\"Entsorgung\"}]},{\"@type\":\"WebSite\",\"@id\":\"https:\/\/containerdienst-speyer.de\/#website\",\"url\":\"https:\/\/containerdienst-speyer.de\/\",\"name\":\"Bachert Recycling\",\"description\":\"Containerdienst und Recycling\",\"potentialAction\":[{\"@type\":\"SearchAction\",\"target\":{\"@type\":\"EntryPoint\",\"urlTemplate\":\"https:\/\/containerdienst-speyer.de\/?s={search_term_string}\"},\"query-input\":\"required name=search_term_string\"}],\"inLanguage\":\"de\"}]}<\/script>\n<!-- \/ Yoast SEO plugin. -->","yoast_head_json":{"title":"Entsorgung - Bachert Recycling","robots":{"index":"index","follow":"follow","max-snippet":"max-snippet:-1","max-image-preview":"max-image-preview:large","max-video-preview":"max-video-preview:-1"},"canonical":"https:\/\/containerdienst-speyer.de\/?page_id=143","og_locale":"de_DE","og_type":"article","og_title":"Entsorgung - Bachert Recycling","og_description":"Welche Abfallarten werden bei uns entsorgt?\u00a0 \u00a0 \u00a0 \u00a0 \u00a0 \u00a0 \u00a0 \u00a0 \u00a0 \u00a0 Die Firma Bachert Recycling behandelt und verwertet einige unterschiedliche Materialien die entweder in Containern entsorgt oder direkt in der Firma angeliefert werden k\u00f6nnen. Hierzu z\u00e4hlen: Bauschutt Dieser wird in zwei Arten, n\u00e4mlich Bauschutt recyclingf\u00e4hig und Leichtbaustoffe, unterteilt. Zu ersterem z\u00e4hlen [&hellip;]","og_url":"https:\/\/containerdienst-speyer.de\/?page_id=143","og_site_name":"Bachert Recycling","article_modified_time":"2022-07-04T19:22:10+00:00","og_image":[{"url":"https:\/\/containerdienst-speyer.de\/wp-content\/uploads\/2022\/07\/IMG-20220703-WA0095-1.jpg"}],"twitter_card":"summary_large_image","twitter_misc":{"Gesch\u00e4tzte Lesezeit":"4\u00a0Minuten"},"schema":{"@context":"https:\/\/schema.org","@graph":[{"@type":"WebPage","@id":"https:\/\/containerdienst-speyer.de\/?page_id=143","url":"https:\/\/containerdienst-speyer.de\/?page_id=143","name":"Entsorgung - Bachert Recycling","isPartOf":{"@id":"https:\/\/containerdienst-speyer.de\/#website"},"datePublished":"2022-07-02T08:13:53+00:00","dateModified":"2022-07-04T19:22:10+00:00","breadcrumb":{"@id":"https:\/\/containerdienst-speyer.de\/?page_id=143#breadcrumb"},"inLanguage":"de","potentialAction":[{"@type":"ReadAction","target":["https:\/\/containerdienst-speyer.de\/?page_id=143"]}]},{"@type":"BreadcrumbList","@id":"https:\/\/containerdienst-speyer.de\/?page_id=143#breadcrumb","itemListElement":[{"@type":"ListItem","position":1,"name":"Home","item":"https:\/\/containerdienst-speyer.de\/"},{"@type":"ListItem","position":2,"name":"Leistungen","item":"https:\/\/containerdienst-speyer.de\/?page_id=17"},{"@type":"ListItem","position":3,"name":"Entsorgung"}]},{"@type":"WebSite","@id":"https:\/\/containerdienst-speyer.de\/#website","url":"https:\/\/containerdienst-speyer.de\/","name":"Bachert Recycling","description":"Containerdienst und Recycling","potentialAction":[{"@type":"SearchAction","target":{"@type":"EntryPoint","urlTemplate":"https:\/\/containerdienst-speyer.de\/?s={search_term_string}"},"query-input":"required name=search_term_string"}],"inLanguage":"de"}]}},"_links":{"self":[{"href":"https:\/\/containerdienst-speyer.de\/index.php?rest_route=\/wp\/v2\/pages\/143","targetHints":{"allow":["GET"]}}],"collection":[{"href":"https:\/\/containerdienst-speyer.de\/index.php?rest_route=\/wp\/v2\/pages"}],"about":[{"href":"https:\/\/containerdienst-speyer.de\/index.php?rest_route=\/wp\/v2\/types\/page"}],"author":[{"embeddable":true,"href":"https:\/\/containerdienst-speyer.de\/index.php?rest_route=\/wp\/v2\/users\/2"}],"replies":[{"embeddable":true,"href":"https:\/\/containerdienst-speyer.de\/index.php?rest_route=%2Fwp%2Fv2%2Fcomments&post=143"}],"version-history":[{"count":7,"href":"https:\/\/containerdienst-speyer.de\/index.php?rest_route=\/wp\/v2\/pages\/143\/revisions"}],"predecessor-version":[{"id":247,"href":"https:\/\/containerdienst-speyer.de\/index.php?rest_route=\/wp\/v2\/pages\/143\/revisions\/247"}],"up":[{"embeddable":true,"href":"https:\/\/containerdienst-speyer.de\/index.php?rest_route=\/wp\/v2\/pages\/17"}],"wp:attachment":[{"href":"https:\/\/containerdienst-speyer.de\/index.php?rest_route=%2Fwp%2Fv2%2Fmedia&parent=143"}],"curies":[{"name":"wp","href":"https:\/\/api.w.org\/{rel}","templated":true}]}}