{"id":138,"date":"2022-07-02T07:47:14","date_gmt":"2022-07-02T07:47:14","guid":{"rendered":"https:\/\/containerdienst-speyer.de\/?page_id=138"},"modified":"2022-07-04T07:38:18","modified_gmt":"2022-07-04T07:38:18","slug":"entruempelung","status":"publish","type":"page","link":"https:\/\/containerdienst-speyer.de\/?page_id=138","title":{"rendered":"Entr\u00fcmpelung"},"content":{"rendered":"<p><span style=\"font-size: x-large;\"><span style=\"font-family: Arial;\"><span style=\"color: #5261f0;\">Entr\u00fcmpelung\u00a0 \u00a0 \u00a0 \u00a0 \u00a0 \u00a0 \u00a0 \u00a0 \u00a0 \u00a0<\/span><\/span><\/span><\/p>\n<p><span style=\"font-size: large;\"><span style=\"font-family: Arial;\">Sie brauchen auch nach der Containerstellung noch unsere Hilfe? Hierf\u00fcr haben wir die Perfekte L\u00f6sung gefunden.<\/span><\/span><br \/>\n<span style=\"font-size: large;\"><span style=\"font-family: Arial;\">Unsere geschulten Mitarbeiter helfen Ihnen direkt vor Ort, sowohl beim Ausr\u00e4umen als auch der Containerbeladung. So kann Ihr Objekt, durch unsere Hilfe, schnell und problemlos entr\u00fcmpelt werden.<\/span><\/span><\/p>\n<p><span style=\"font-size: large;\"><span style=\"font-family: Arial;\">.<\/span><\/span><img loading=\"lazy\" decoding=\"async\" class=\"wp-image-197 alignnone\" src=\"https:\/\/containerdienst-speyer.de\/wp-content\/uploads\/2022\/07\/IMG-20220703-WA0129-768x1024.jpg\" alt=\"\" width=\"373\" height=\"497\" srcset=\"https:\/\/containerdienst-speyer.de\/wp-content\/uploads\/2022\/07\/IMG-20220703-WA0129-768x1024.jpg 768w, https:\/\/containerdienst-speyer.de\/wp-content\/uploads\/2022\/07\/IMG-20220703-WA0129-225x300.jpg 225w, https:\/\/containerdienst-speyer.de\/wp-content\/uploads\/2022\/07\/IMG-20220703-WA0129-1152x1536.jpg 1152w, https:\/\/containerdienst-speyer.de\/wp-content\/uploads\/2022\/07\/IMG-20220703-WA0129.jpg 1536w\" sizes=\"auto, (max-width: 373px) 100vw, 373px\" \/><img loading=\"lazy\" decoding=\"async\" class=\"alignnone wp-image-198\" src=\"https:\/\/containerdienst-speyer.de\/wp-content\/uploads\/2022\/07\/IMG-20220703-WA0131-768x1024.jpg\" alt=\"\" width=\"373\" height=\"498\" \/><img loading=\"lazy\" decoding=\"async\" class=\" wp-image-196 alignnone\" src=\"https:\/\/containerdienst-speyer.de\/wp-content\/uploads\/2022\/07\/IMG-20220703-WA0124-768x1024.jpg\" alt=\"\" width=\"374\" height=\"498\" srcset=\"https:\/\/containerdienst-speyer.de\/wp-content\/uploads\/2022\/07\/IMG-20220703-WA0124-768x1024.jpg 768w, https:\/\/containerdienst-speyer.de\/wp-content\/uploads\/2022\/07\/IMG-20220703-WA0124-225x300.jpg 225w, https:\/\/containerdienst-speyer.de\/wp-content\/uploads\/2022\/07\/IMG-20220703-WA0124-1152x1536.jpg 1152w, https:\/\/containerdienst-speyer.de\/wp-content\/uploads\/2022\/07\/IMG-20220703-WA0124.jpg 1536w\" sizes=\"auto, (max-width: 374px) 100vw, 374px\" \/><\/p>\n","protected":false},"excerpt":{"rendered":"<p>Entr\u00fcmpelung\u00a0 \u00a0 \u00a0 \u00a0 \u00a0 \u00a0 \u00a0 \u00a0 \u00a0 \u00a0 Sie brauchen auch nach der Containerstellung noch unsere Hilfe? Hierf\u00fcr haben wir die Perfekte L\u00f6sung gefunden. Unsere geschulten Mitarbeiter helfen Ihnen direkt vor Ort, sowohl beim Ausr\u00e4umen als auch der Containerbeladung. So kann Ihr Objekt, durch unsere Hilfe, schnell und problemlos entr\u00fcmpelt werden. .<\/p>\n","protected":false},"author":2,"featured_media":0,"parent":17,"menu_order":2,"comment_status":"closed","ping_status":"closed","template":"templates\/fullwidth.php","meta":{"footnotes":""},"class_list":["post-138","page","type-page","status-publish","hentry"],"yoast_head":"<!-- This site is optimized with the Yoast SEO plugin v20.4 - https:\/\/yoast.com\/wordpress\/plugins\/seo\/ -->\n<title>Entr\u00fcmpelung - Bachert Recycling<\/title>\n<meta name=\"robots\" content=\"index, follow, max-snippet:-1, max-image-preview:large, max-video-preview:-1\" \/>\n<link rel=\"canonical\" href=\"https:\/\/containerdienst-speyer.de\/?page_id=138\" \/>\n<meta property=\"og:locale\" content=\"de_DE\" \/>\n<meta property=\"og:type\" content=\"article\" \/>\n<meta property=\"og:title\" content=\"Entr\u00fcmpelung - Bachert Recycling\" \/>\n<meta property=\"og:description\" content=\"Entr\u00fcmpelung\u00a0 \u00a0 \u00a0 \u00a0 \u00a0 \u00a0 \u00a0 \u00a0 \u00a0 \u00a0 Sie brauchen auch nach der Containerstellung noch unsere Hilfe? Hierf\u00fcr haben wir die Perfekte L\u00f6sung gefunden. Unsere geschulten Mitarbeiter helfen Ihnen direkt vor Ort, sowohl beim Ausr\u00e4umen als auch der Containerbeladung. So kann Ihr Objekt, durch unsere Hilfe, schnell und problemlos entr\u00fcmpelt werden. .\" \/>\n<meta property=\"og:url\" content=\"https:\/\/containerdienst-speyer.de\/?page_id=138\" \/>\n<meta property=\"og:site_name\" content=\"Bachert Recycling\" \/>\n<meta property=\"article:modified_time\" content=\"2022-07-04T07:38:18+00:00\" \/>\n<meta property=\"og:image\" content=\"https:\/\/containerdienst-speyer.de\/wp-content\/uploads\/2022\/07\/IMG-20220703-WA0129-768x1024.jpg\" \/>\n<meta name=\"twitter:card\" content=\"summary_large_image\" \/>\n<meta name=\"twitter:label1\" content=\"Gesch\u00e4tzte Lesezeit\" \/>\n\t<meta name=\"twitter:data1\" content=\"1\u00a0Minute\" \/>\n<script type=\"application\/ld+json\" class=\"yoast-schema-graph\">{\"@context\":\"https:\/\/schema.org\",\"@graph\":[{\"@type\":\"WebPage\",\"@id\":\"https:\/\/containerdienst-speyer.de\/?page_id=138\",\"url\":\"https:\/\/containerdienst-speyer.de\/?page_id=138\",\"name\":\"Entr\u00fcmpelung - Bachert Recycling\",\"isPartOf\":{\"@id\":\"https:\/\/containerdienst-speyer.de\/#website\"},\"datePublished\":\"2022-07-02T07:47:14+00:00\",\"dateModified\":\"2022-07-04T07:38:18+00:00\",\"breadcrumb\":{\"@id\":\"https:\/\/containerdienst-speyer.de\/?page_id=138#breadcrumb\"},\"inLanguage\":\"de\",\"potentialAction\":[{\"@type\":\"ReadAction\",\"target\":[\"https:\/\/containerdienst-speyer.de\/?page_id=138\"]}]},{\"@type\":\"BreadcrumbList\",\"@id\":\"https:\/\/containerdienst-speyer.de\/?page_id=138#breadcrumb\",\"itemListElement\":[{\"@type\":\"ListItem\",\"position\":1,\"name\":\"Home\",\"item\":\"https:\/\/containerdienst-speyer.de\/\"},{\"@type\":\"ListItem\",\"position\":2,\"name\":\"Leistungen\",\"item\":\"https:\/\/containerdienst-speyer.de\/?page_id=17\"},{\"@type\":\"ListItem\",\"position\":3,\"name\":\"Entr\u00fcmpelung\"}]},{\"@type\":\"WebSite\",\"@id\":\"https:\/\/containerdienst-speyer.de\/#website\",\"url\":\"https:\/\/containerdienst-speyer.de\/\",\"name\":\"Bachert Recycling\",\"description\":\"Containerdienst und Recycling\",\"potentialAction\":[{\"@type\":\"SearchAction\",\"target\":{\"@type\":\"EntryPoint\",\"urlTemplate\":\"https:\/\/containerdienst-speyer.de\/?s={search_term_string}\"},\"query-input\":\"required name=search_term_string\"}],\"inLanguage\":\"de\"}]}<\/script>\n<!-- \/ Yoast SEO plugin. -->","yoast_head_json":{"title":"Entr\u00fcmpelung - Bachert Recycling","robots":{"index":"index","follow":"follow","max-snippet":"max-snippet:-1","max-image-preview":"max-image-preview:large","max-video-preview":"max-video-preview:-1"},"canonical":"https:\/\/containerdienst-speyer.de\/?page_id=138","og_locale":"de_DE","og_type":"article","og_title":"Entr\u00fcmpelung - Bachert Recycling","og_description":"Entr\u00fcmpelung\u00a0 \u00a0 \u00a0 \u00a0 \u00a0 \u00a0 \u00a0 \u00a0 \u00a0 \u00a0 Sie brauchen auch nach der Containerstellung noch unsere Hilfe? Hierf\u00fcr haben wir die Perfekte L\u00f6sung gefunden. Unsere geschulten Mitarbeiter helfen Ihnen direkt vor Ort, sowohl beim Ausr\u00e4umen als auch der Containerbeladung. So kann Ihr Objekt, durch unsere Hilfe, schnell und problemlos entr\u00fcmpelt werden. .","og_url":"https:\/\/containerdienst-speyer.de\/?page_id=138","og_site_name":"Bachert Recycling","article_modified_time":"2022-07-04T07:38:18+00:00","og_image":[{"url":"https:\/\/containerdienst-speyer.de\/wp-content\/uploads\/2022\/07\/IMG-20220703-WA0129-768x1024.jpg"}],"twitter_card":"summary_large_image","twitter_misc":{"Gesch\u00e4tzte Lesezeit":"1\u00a0Minute"},"schema":{"@context":"https:\/\/schema.org","@graph":[{"@type":"WebPage","@id":"https:\/\/containerdienst-speyer.de\/?page_id=138","url":"https:\/\/containerdienst-speyer.de\/?page_id=138","name":"Entr\u00fcmpelung - Bachert Recycling","isPartOf":{"@id":"https:\/\/containerdienst-speyer.de\/#website"},"datePublished":"2022-07-02T07:47:14+00:00","dateModified":"2022-07-04T07:38:18+00:00","breadcrumb":{"@id":"https:\/\/containerdienst-speyer.de\/?page_id=138#breadcrumb"},"inLanguage":"de","potentialAction":[{"@type":"ReadAction","target":["https:\/\/containerdienst-speyer.de\/?page_id=138"]}]},{"@type":"BreadcrumbList","@id":"https:\/\/containerdienst-speyer.de\/?page_id=138#breadcrumb","itemListElement":[{"@type":"ListItem","position":1,"name":"Home","item":"https:\/\/containerdienst-speyer.de\/"},{"@type":"ListItem","position":2,"name":"Leistungen","item":"https:\/\/containerdienst-speyer.de\/?page_id=17"},{"@type":"ListItem","position":3,"name":"Entr\u00fcmpelung"}]},{"@type":"WebSite","@id":"https:\/\/containerdienst-speyer.de\/#website","url":"https:\/\/containerdienst-speyer.de\/","name":"Bachert Recycling","description":"Containerdienst und Recycling","potentialAction":[{"@type":"SearchAction","target":{"@type":"EntryPoint","urlTemplate":"https:\/\/containerdienst-speyer.de\/?s={search_term_string}"},"query-input":"required name=search_term_string"}],"inLanguage":"de"}]}},"_links":{"self":[{"href":"https:\/\/containerdienst-speyer.de\/index.php?rest_route=\/wp\/v2\/pages\/138","targetHints":{"allow":["GET"]}}],"collection":[{"href":"https:\/\/containerdienst-speyer.de\/index.php?rest_route=\/wp\/v2\/pages"}],"about":[{"href":"https:\/\/containerdienst-speyer.de\/index.php?rest_route=\/wp\/v2\/types\/page"}],"author":[{"embeddable":true,"href":"https:\/\/containerdienst-speyer.de\/index.php?rest_route=\/wp\/v2\/users\/2"}],"replies":[{"embeddable":true,"href":"https:\/\/containerdienst-speyer.de\/index.php?rest_route=%2Fwp%2Fv2%2Fcomments&post=138"}],"version-history":[{"count":5,"href":"https:\/\/containerdienst-speyer.de\/index.php?rest_route=\/wp\/v2\/pages\/138\/revisions"}],"predecessor-version":[{"id":199,"href":"https:\/\/containerdienst-speyer.de\/index.php?rest_route=\/wp\/v2\/pages\/138\/revisions\/199"}],"up":[{"embeddable":true,"href":"https:\/\/containerdienst-speyer.de\/index.php?rest_route=\/wp\/v2\/pages\/17"}],"wp:attachment":[{"href":"https:\/\/containerdienst-speyer.de\/index.php?rest_route=%2Fwp%2Fv2%2Fmedia&parent=138"}],"curies":[{"name":"wp","href":"https:\/\/api.w.org\/{rel}","templated":true}]}}